{"id":599,"date":"2024-04-26T12:05:08","date_gmt":"2024-04-26T12:05:08","guid":{"rendered":"https:\/\/edmohub.ie\/?page_id=599"},"modified":"2025-10-15T10:53:22","modified_gmt":"2025-10-15T10:53:22","slug":"be-election-smart","status":"publish","type":"page","link":"https:\/\/edmohub.ie\/index.php\/be-election-smart\/","title":{"rendered":"Be Election Smart"},"content":{"rendered":"\n<p class=\"has-medium-font-size\">The Be Election Smart campaign, developed by EDMO for the European elections, was promoted across all EU countries. With support from Media Literacy Ireland, EDMO Ireland adapted the campaign for local and national elections, sharing practical tips for navigating election news, commentary, and advertising.<\/p>\n\n\n\n<p class=\"has-large-font-size\"><strong>Tip #1 Read beyond the headline<\/strong><\/p>\n\n\n\n<figure class=\"wp-block-image size-large\"><img loading=\"lazy\" decoding=\"async\" width=\"1024\" height=\"576\" src=\"https:\/\/edmohub.ie\/wp-content\/uploads\/2025\/10\/BES-Tip-1.1-1024x576.png\" alt=\"\" class=\"wp-image-1406\" srcset=\"https:\/\/edmohub.ie\/wp-content\/uploads\/2025\/10\/BES-Tip-1.1-1024x576.png 1024w, https:\/\/edmohub.ie\/wp-content\/uploads\/2025\/10\/BES-Tip-1.1-300x169.png 300w, https:\/\/edmohub.ie\/wp-content\/uploads\/2025\/10\/BES-Tip-1.1-768x432.png 768w, https:\/\/edmohub.ie\/wp-content\/uploads\/2025\/10\/BES-Tip-1.1-1536x864.png 1536w, https:\/\/edmohub.ie\/wp-content\/uploads\/2025\/10\/BES-Tip-1.1.png 1920w\" sizes=\"auto, (max-width: 1024px) 100vw, 1024px\" \/><\/figure>\n\n\n\n<p class=\"has-medium-font-size\">Reading beyond the headline is essential because headlines are designed to capture your attention. That&#8217;s why they often oversimplify, distort, or omit crucial details about the story. You need to read the full article to understand the context including potential bias by the author and subtle cues about intent and the reliability of the sources. Read more about misleading headlines <a href=\"https:\/\/edmohub.ie\/index.php\/ge24-read-beyond-the-headline\/\">here.<\/a><\/p>\n\n\n\n<p class=\"has-large-font-size\"><strong>Leid #1 L\u00e9igh n\u00edos m\u00f3 n\u00e1 an ceannl\u00edne&nbsp;amh\u00e1in<\/strong><\/p>\n\n\n\n<figure class=\"wp-block-image size-large\"><img loading=\"lazy\" decoding=\"async\" width=\"1024\" height=\"576\" src=\"https:\/\/edmohub.ie\/wp-content\/uploads\/2025\/10\/BES-Tip-1.2-1024x576.png\" alt=\"\" class=\"wp-image-1407\" srcset=\"https:\/\/edmohub.ie\/wp-content\/uploads\/2025\/10\/BES-Tip-1.2-1024x576.png 1024w, https:\/\/edmohub.ie\/wp-content\/uploads\/2025\/10\/BES-Tip-1.2-300x169.png 300w, https:\/\/edmohub.ie\/wp-content\/uploads\/2025\/10\/BES-Tip-1.2-768x432.png 768w, https:\/\/edmohub.ie\/wp-content\/uploads\/2025\/10\/BES-Tip-1.2-1536x864.png 1536w, https:\/\/edmohub.ie\/wp-content\/uploads\/2025\/10\/BES-Tip-1.2.png 1920w\" sizes=\"auto, (max-width: 1024px) 100vw, 1024px\" \/><\/figure>\n\n\n\n<p class=\"has-medium-font-size\">T\u00e1 s\u00e9 r\u00edth\u00e1bhachtach l\u00e9amh n\u00edos m\u00f3 n\u00e1 an ceannl\u00edne amh\u00e1in toisc go scr\u00edobhtar ceannl\u00ednte go sonrach chun d\u2019aird a tharraingt. Cialla\u00edonn s\u00e9 sin go nd\u00e9anann siad r\u00f3shimpli\u00fa ar an sc\u00e9al, go gcuireann siad casadh san fh\u00edrinne n\u00f3 go bhf\u00e1gann siad sonra\u00ed r\u00edth\u00e1bhachtacha faoin sc\u00e9al ar l\u00e1r go minic. N\u00ed m\u00f3r duit an t-alt ioml\u00e1n a l\u00e9amh chun an comhth\u00e9acs a thuiscint, lena n-\u00e1ir\u00edtear claontacht fh\u00e9ideartha \u00f3n \u00fadar agus leideanna caolch\u00faiseacha maidir le cusp\u00f3ir agus iontoafacht na bhfoins\u00ed. L\u00e9igh tuilleadh faoi cheannl\u00ednte m\u00edthreoracha <a href=\"https:\/\/edmohub.ie\/index.php\/ge24-read-beyond-the-headline\/\">anseo<\/a>. <a id=\"_msocom_1\"><\/a><\/p>\n\n\n\n<p class=\"has-large-font-size\"><strong>Tip #2 Look for the whole picture&nbsp;<\/strong> <\/p>\n\n\n\n<figure class=\"wp-block-image size-large\"><img loading=\"lazy\" decoding=\"async\" width=\"1024\" height=\"576\" src=\"https:\/\/edmohub.ie\/wp-content\/uploads\/2025\/10\/BES-Tip-2.1-1024x576.png\" alt=\"\" class=\"wp-image-1409\" srcset=\"https:\/\/edmohub.ie\/wp-content\/uploads\/2025\/10\/BES-Tip-2.1-1024x576.png 1024w, https:\/\/edmohub.ie\/wp-content\/uploads\/2025\/10\/BES-Tip-2.1-300x169.png 300w, https:\/\/edmohub.ie\/wp-content\/uploads\/2025\/10\/BES-Tip-2.1-768x432.png 768w, https:\/\/edmohub.ie\/wp-content\/uploads\/2025\/10\/BES-Tip-2.1-1536x864.png 1536w, https:\/\/edmohub.ie\/wp-content\/uploads\/2025\/10\/BES-Tip-2.1.png 1920w\" sizes=\"auto, (max-width: 1024px) 100vw, 1024px\" \/><\/figure>\n\n\n\n<p class=\"has-medium-font-size\">Visual communication is powerful and appealing because our brains are highly adapted to process and interpret visual information quickly and intuitively. But images can be highly deceptive and, in the context of news and election, images can distort our perceptions of people and issues. It only takes a few clicks to change or enhance visual content, but distortion can occur without even doctoring an image. It\u2019s important to remember that visual communication is always the result of choices: choices about what to show and how to crop or frame the image. Read more about misleading visual communication <a href=\"https:\/\/edmohub.ie\/index.php\/ge24-look-for-the-whole-picture\/\">here<\/a>.<\/p>\n\n\n\n<p class=\"has-large-font-size\"><strong>Leid #2<\/strong> <strong>Fiosraigh an sc\u00e9al ioml\u00e1n<\/strong><\/p>\n\n\n\n<figure class=\"wp-block-image size-large\"><img loading=\"lazy\" decoding=\"async\" width=\"1024\" height=\"576\" src=\"https:\/\/edmohub.ie\/wp-content\/uploads\/2025\/10\/BES-Tip-2.2-1024x576.png\" alt=\"\" class=\"wp-image-1410\" srcset=\"https:\/\/edmohub.ie\/wp-content\/uploads\/2025\/10\/BES-Tip-2.2-1024x576.png 1024w, https:\/\/edmohub.ie\/wp-content\/uploads\/2025\/10\/BES-Tip-2.2-300x169.png 300w, https:\/\/edmohub.ie\/wp-content\/uploads\/2025\/10\/BES-Tip-2.2-768x432.png 768w, https:\/\/edmohub.ie\/wp-content\/uploads\/2025\/10\/BES-Tip-2.2-1536x864.png 1536w, https:\/\/edmohub.ie\/wp-content\/uploads\/2025\/10\/BES-Tip-2.2.png 1920w\" sizes=\"auto, (max-width: 1024px) 100vw, 1024px\" \/><\/figure>\n\n\n\n<p class=\"has-medium-font-size\">T\u00e1 cumars\u00e1id amhairc cumhachtach agus mealltach toisc go bpr\u00f3ise\u00e1lann \u00e1r n-inchinn&nbsp; faisn\u00e9is amhairc go tapa agus gan smaoineamh. Ach is f\u00e9idir le h\u00edomh\u00e1nna dallamull\u00f3g a chur orainn, agus i gcomhth\u00e9acs nuachta agus toghch\u00e1in, is f\u00e9idir le h\u00edomh\u00e1nna sinn a chur am\u00fa maidir le daoine agus saincheisteanna. N\u00ed th\u00f3gann s\u00e9 ach c\u00fapla clic chun \u00e1bhar amhairc a threisi\u00fa, ach is f\u00e9idir le h\u00edomh\u00e1nna dallamull\u00f3g a chur orainn fi\u00fa nuair nach n-athra\u00edtear iad. T\u00e1 s\u00e9 t\u00e1bhachtach a thuiscint go mbaineann cumars\u00e1id amhairc le roghanna i gc\u00f3na\u00ed \u2013 roghanna i dtaobh cad a thaispe\u00e1ntar agus cad a fh\u00e1gtar ar l\u00e1r. L\u00e9igh tuilleadh faoi chumars\u00e1id mh\u00edthreorach <a href=\"https:\/\/edmohub.ie\/index.php\/ge24-look-for-the-whole-picture\/\">anseo<\/a>.<\/p>\n\n\n\n<p class=\"has-large-font-size\"><strong>Tip #3 Look beyond engagement metrics<\/strong><\/p>\n\n\n\n<figure class=\"wp-block-image size-large\"><img loading=\"lazy\" decoding=\"async\" width=\"1024\" height=\"576\" src=\"https:\/\/edmohub.ie\/wp-content\/uploads\/2025\/10\/BES-Tip-3.1-1024x576.png\" alt=\"\" class=\"wp-image-1411\" srcset=\"https:\/\/edmohub.ie\/wp-content\/uploads\/2025\/10\/BES-Tip-3.1-1024x576.png 1024w, https:\/\/edmohub.ie\/wp-content\/uploads\/2025\/10\/BES-Tip-3.1-300x169.png 300w, https:\/\/edmohub.ie\/wp-content\/uploads\/2025\/10\/BES-Tip-3.1-768x432.png 768w, https:\/\/edmohub.ie\/wp-content\/uploads\/2025\/10\/BES-Tip-3.1-1536x864.png 1536w, https:\/\/edmohub.ie\/wp-content\/uploads\/2025\/10\/BES-Tip-3.1.png 1920w\" sizes=\"auto, (max-width: 1024px) 100vw, 1024px\" \/><\/figure>\n\n\n\n<p class=\"has-medium-font-size\">Engagement metrics &#8211; such as likes, shares, comments, or views &#8211; are not reliable indicators of content quality. Social media and messaging applications make it really easy to share information quickly to large groups of people. In addition, AI-powered technology&nbsp;can also be used to create fake profiles and promote false or inaccurate content, making it go viral with very little authentic sharing.&nbsp;Read <a href=\"https:\/\/edmohub.ie\/index.php\/ge24-look-beyond-engagement-metrics\/\">more<\/a>.<\/p>\n\n\n\n<p class=\"has-large-font-size\"><strong>Leid #3 <strong>N\u00e1 f\u00e9ach ar an m\u00e9adracht rannph\u00e1irt\u00edochta amh\u00e1in<\/strong><\/strong><\/p>\n\n\n\n<figure class=\"wp-block-image size-large\"><img loading=\"lazy\" decoding=\"async\" width=\"1024\" height=\"576\" src=\"https:\/\/edmohub.ie\/wp-content\/uploads\/2025\/10\/BES-Tip-3.2-1-1024x576.png\" alt=\"\" class=\"wp-image-1412\" srcset=\"https:\/\/edmohub.ie\/wp-content\/uploads\/2025\/10\/BES-Tip-3.2-1-1024x576.png 1024w, https:\/\/edmohub.ie\/wp-content\/uploads\/2025\/10\/BES-Tip-3.2-1-300x169.png 300w, https:\/\/edmohub.ie\/wp-content\/uploads\/2025\/10\/BES-Tip-3.2-1-768x432.png 768w, https:\/\/edmohub.ie\/wp-content\/uploads\/2025\/10\/BES-Tip-3.2-1-1536x864.png 1536w, https:\/\/edmohub.ie\/wp-content\/uploads\/2025\/10\/BES-Tip-3.2-1.png 1920w\" sizes=\"auto, (max-width: 1024px) 100vw, 1024px\" \/><\/figure>\n\n\n\n<p class=\"has-medium-font-size\">N\u00ed f\u00e9idir brath ar mh\u00e9adracht rannph\u00e1irt\u00edochta \u2013 amhail l\u00edon na ndaoine a d\u2019fh\u00e9ach, a roinn, a d\u2019fh\u00e1g n\u00f3ta tr\u00e1chta n\u00f3 a thug \u2018is maith liom\u2019 d\u2019\u00e1bhar ar l\u00edne mar th\u00e1scair\u00ed ar ch\u00e1il\u00edocht an \u00e1bhair. T\u00e1 s\u00e9 an-\u00e9asca eolas a roinnt go tapa le gr\u00fapa m\u00f3r daoine ar na me\u00e1in sh\u00f3isialta agus ar aipeanna teachtaireachta\u00ed. Chomh maith leis sin, le teicneola\u00edocht at\u00e1 cumhachtaithe ag AI, is f\u00e9idir pr\u00f3if\u00edl\u00ed br\u00e9agacha a chruth\u00fa a chuireann \u00e1bhar br\u00e9agach n\u00f3 m\u00edchruinn chun cinn, rud a fh\u00e1gann go mearscaiptear an t-\u00e1bhar sin agus nach roinntear ach f\u00edorbheag\u00e1n \u00e1bhar iontaofa.&nbsp; L\u00e9igh <a href=\"https:\/\/edmohub.ie\/index.php\/ge24-look-beyond-engagement-metrics\/\">tuilleadh<\/a>.<\/p>\n\n\n\n<p class=\"has-large-font-size\"><strong>Tip #4  Compare information sources<\/strong><\/p>\n\n\n\n<figure class=\"wp-block-image size-large\"><img loading=\"lazy\" decoding=\"async\" width=\"1024\" height=\"576\" src=\"https:\/\/edmohub.ie\/wp-content\/uploads\/2025\/10\/BES-Tip-4.1-1024x576.png\" alt=\"\" class=\"wp-image-1413\" srcset=\"https:\/\/edmohub.ie\/wp-content\/uploads\/2025\/10\/BES-Tip-4.1-1024x576.png 1024w, https:\/\/edmohub.ie\/wp-content\/uploads\/2025\/10\/BES-Tip-4.1-300x169.png 300w, https:\/\/edmohub.ie\/wp-content\/uploads\/2025\/10\/BES-Tip-4.1-768x432.png 768w, https:\/\/edmohub.ie\/wp-content\/uploads\/2025\/10\/BES-Tip-4.1-1536x864.png 1536w, https:\/\/edmohub.ie\/wp-content\/uploads\/2025\/10\/BES-Tip-4.1.png 1920w\" sizes=\"auto, (max-width: 1024px) 100vw, 1024px\" \/><\/figure>\n\n\n\n<p class=\"has-medium-font-size\">If a piece of information is only being reported from one source or one media type, it might not be the whole story. Ask yourself who produced it, why, and how it has reached you? Comparing sources allows you to see the bigger picture and make more informed decisions. When you read multiple accounts of the same story, you can identify patterns in what is included or omitted. For instance, a political event might be framed positively by one outlet and negatively by another. Comparing these helps you separate opinion from fact. Verifying facts across different sources increases your confidence in their accuracy. If multiple reputable outlets report the same data, it\u2019s more likely to be reliable than information found in only one place. Read more <a href=\"https:\/\/edmohub.ie\/index.php\/ge24-compare-information-sources\/\">here<\/a>.<\/p>\n\n\n\n<p class=\"has-large-font-size\"><strong>Leid #4 <strong>Cuir foins\u00ed faisn\u00e9ise i gcompar\u00e1id le ch\u00e9ile<\/strong><\/strong><\/p>\n\n\n\n<figure class=\"wp-block-image size-large\"><img loading=\"lazy\" decoding=\"async\" width=\"1024\" height=\"576\" src=\"https:\/\/edmohub.ie\/wp-content\/uploads\/2025\/10\/BES-Tip-4.2-1-1024x576.png\" alt=\"\" class=\"wp-image-1414\" srcset=\"https:\/\/edmohub.ie\/wp-content\/uploads\/2025\/10\/BES-Tip-4.2-1-1024x576.png 1024w, https:\/\/edmohub.ie\/wp-content\/uploads\/2025\/10\/BES-Tip-4.2-1-300x169.png 300w, https:\/\/edmohub.ie\/wp-content\/uploads\/2025\/10\/BES-Tip-4.2-1-768x432.png 768w, https:\/\/edmohub.ie\/wp-content\/uploads\/2025\/10\/BES-Tip-4.2-1-1536x864.png 1536w, https:\/\/edmohub.ie\/wp-content\/uploads\/2025\/10\/BES-Tip-4.2-1.png 1920w\" sizes=\"auto, (max-width: 1024px) 100vw, 1024px\" \/><\/figure>\n\n\n\n<p class=\"has-medium-font-size\">Mura bhfuil p\u00edosa faisn\u00e9ise \u00e1 thuairisci\u00fa ach ag foinse amh\u00e1in n\u00f3 ar mhe\u00e1n amh\u00e1in, b\u2019fh\u00e9idir nach an sc\u00e9al ar fad at\u00e1 i gceist. Fiafraigh d\u00edot f\u00e9in c\u00e9 a rinne \u00e9, c\u00e9n f\u00e1th agus conas ar th\u00e1inig s\u00e9 chomh fada leat? Tr\u00ed fhoins\u00ed a chur i gcompar\u00e1id le ch\u00e9ile, is f\u00e9idir leat an sc\u00e9al ioml\u00e1n a fh\u00e1il agus cinnt\u00ed n\u00edos feasa\u00ed a dh\u00e9anamh. Nuair a l\u00e9ann t\u00fa cuntais iomad\u00fala ar an sc\u00e9al c\u00e9anna, is f\u00e9idir leat patr\u00fain a aithint i dtaobh cad a chuirtear san \u00e1ireamh agus cad a fh\u00e1gtar ar l\u00e1r. Mar shampla, d\u2019fh\u00e9adfadh cuntas dearfach a bheith ar imeacht polaiti\u00fail i bhfoinse amh\u00e1in agus cuntas di\u00faltach a bheith i bhfoinse eile. M\u00e1 chuirtear na foins\u00ed seo i gcompar\u00e1id le ch\u00e9ile, is f\u00e9idir leat teacht ar an bhf\u00edrinne seachas tuairim\u00ed amh\u00e1in. Nuair a dheimhn\u00edmid na f\u00edric\u00ed i bhfoins\u00ed \u00e9ags\u00fala, t\u00e1 a fhios againn gur f\u00e9idir brath ar a gcruinneas. M\u00e1 thuairisc\u00edtear na sonra\u00ed c\u00e9anna i bhfoins\u00ed iomad\u00fala creidi\u00fanacha, is m\u00f3 seans go bhfuil an fhaisn\u00e9is seo iontaofa murab ionann is an fhaisn\u00e9is nach bhfaightear ach i bhfoinse amh\u00e1in. L\u00e9igh tuilleadh <a href=\"https:\/\/edmohub.ie\/index.php\/ge24-compare-information-sources\/\">anseo<\/a>.<\/p>\n\n\n\n<p class=\"has-large-font-size\"><strong>Tip #5  Don&#8217;t share until you verify it is true<\/strong><\/p>\n\n\n\n<figure class=\"wp-block-image size-large\"><img loading=\"lazy\" decoding=\"async\" width=\"1024\" height=\"576\" src=\"https:\/\/edmohub.ie\/wp-content\/uploads\/2025\/10\/BES-Tip-5.1-1024x576.png\" alt=\"\" class=\"wp-image-1415\" srcset=\"https:\/\/edmohub.ie\/wp-content\/uploads\/2025\/10\/BES-Tip-5.1-1024x576.png 1024w, https:\/\/edmohub.ie\/wp-content\/uploads\/2025\/10\/BES-Tip-5.1-300x169.png 300w, https:\/\/edmohub.ie\/wp-content\/uploads\/2025\/10\/BES-Tip-5.1-768x432.png 768w, https:\/\/edmohub.ie\/wp-content\/uploads\/2025\/10\/BES-Tip-5.1-1536x864.png 1536w, https:\/\/edmohub.ie\/wp-content\/uploads\/2025\/10\/BES-Tip-5.1.png 1920w\" sizes=\"auto, (max-width: 1024px) 100vw, 1024px\" \/><\/figure>\n\n\n\n<p class=\"has-medium-font-size\">The final days before an election are prime time for dubious information. A last-minute falsehood leaves little time for journalists and fact-checkers to respond. Even if it is debunked quickly, the confusion can shift the narrative around candidates and parties. We all have a critical responsibility to check if information is true before we share it. Read more <a href=\"https:\/\/edmohub.ie\/index.php\/ge24-dont-share-until-you-verify-its-true\/\">here<\/a>.<\/p>\n\n\n\n<p class=\"has-large-font-size\"><strong>Leid #5  <strong>Deimhnigh go bhfuil an fhaisn\u00e9is f\u00edor sula roinneann t\u00fa \u00ed<\/strong><\/strong><\/p>\n\n\n\n<figure class=\"wp-block-image size-large\"><img loading=\"lazy\" decoding=\"async\" width=\"1024\" height=\"576\" src=\"https:\/\/edmohub.ie\/wp-content\/uploads\/2025\/10\/BES-Tip-5.2-1-1024x576.png\" alt=\"\" class=\"wp-image-1416\" srcset=\"https:\/\/edmohub.ie\/wp-content\/uploads\/2025\/10\/BES-Tip-5.2-1-1024x576.png 1024w, https:\/\/edmohub.ie\/wp-content\/uploads\/2025\/10\/BES-Tip-5.2-1-300x169.png 300w, https:\/\/edmohub.ie\/wp-content\/uploads\/2025\/10\/BES-Tip-5.2-1-768x432.png 768w, https:\/\/edmohub.ie\/wp-content\/uploads\/2025\/10\/BES-Tip-5.2-1-1536x864.png 1536w, https:\/\/edmohub.ie\/wp-content\/uploads\/2025\/10\/BES-Tip-5.2-1.png 1920w\" sizes=\"auto, (max-width: 1024px) 100vw, 1024px\" \/><\/figure>\n\n\n\n<p class=\"has-medium-font-size\">Scaiptear faisn\u00e9is amhrasach go forleathan sna laethanta deiridh roimh thoghch\u00e1n. Nuair a scaiptear br\u00e9ag ag an n\u00f3im\u00e9ad deireanach, is beag am at\u00e1 ag iriseoir\u00ed agus seice\u00e1laithe f\u00edric\u00ed chun freagra a thabhairt. Fi\u00fa m\u00e1 nochtar an fh\u00edrinne go tapa, d\u2019fh\u00e9adfadh an mearbhall a chrutha\u00edtear an dearcadh i leith p\u00e1irtithe agus iarrth\u00f3ir\u00ed a athr\u00fa. T\u00e1 freagracht r\u00edth\u00e1bhachtach orainn go l\u00e9ir a chinnti\u00fa go bhfuil an fhaisn\u00e9is f\u00edor sula roinnimid \u00ed. L\u00e9igh tuilleadh <a href=\"https:\/\/edmohub.ie\/index.php\/ge24-dont-share-until-you-verify-its-true\/\">anseo.<\/a><\/p>\n\n\n\n<p class=\"has-large-font-size\"><strong>Tip #6  Get voting information from official sources<\/strong><\/p>\n\n\n\n<figure class=\"wp-block-image size-large\"><img loading=\"lazy\" decoding=\"async\" width=\"1024\" height=\"576\" src=\"https:\/\/edmohub.ie\/wp-content\/uploads\/2025\/10\/BES-Tip-6.1-1024x576.png\" alt=\"\" class=\"wp-image-1417\" srcset=\"https:\/\/edmohub.ie\/wp-content\/uploads\/2025\/10\/BES-Tip-6.1-1024x576.png 1024w, https:\/\/edmohub.ie\/wp-content\/uploads\/2025\/10\/BES-Tip-6.1-300x169.png 300w, https:\/\/edmohub.ie\/wp-content\/uploads\/2025\/10\/BES-Tip-6.1-768x432.png 768w, https:\/\/edmohub.ie\/wp-content\/uploads\/2025\/10\/BES-Tip-6.1-1536x864.png 1536w, https:\/\/edmohub.ie\/wp-content\/uploads\/2025\/10\/BES-Tip-6.1.png 1920w\" sizes=\"auto, (max-width: 1024px) 100vw, 1024px\" \/><\/figure>\n\n\n\n<p class=\"has-medium-font-size\"><br>Disinformation around the electoral process often spreads before and after elections, aiming to delegitimise elections through unfounded claims of voter fraud, foreign influences and unfair practices. Seek out reliable information on how, when and where to vote in the elections from official sources. Visit the <a href=\"https:\/\/www.electoralcommission.ie\/\">Electoral Commission website. <\/a><\/p>\n\n\n\n<p class=\"has-large-font-size\"><strong>Leid #6  <strong>Faigh eolas faoi v\u00f3t\u00e1il \u00f3 fhoins\u00ed oifigi\u00fala<\/strong><\/strong><\/p>\n\n\n\n<figure class=\"wp-block-image size-large\"><img loading=\"lazy\" decoding=\"async\" width=\"1024\" height=\"576\" src=\"https:\/\/edmohub.ie\/wp-content\/uploads\/2025\/10\/BES-Tip-6.2-1-1024x576.png\" alt=\"\" class=\"wp-image-1418\" srcset=\"https:\/\/edmohub.ie\/wp-content\/uploads\/2025\/10\/BES-Tip-6.2-1-1024x576.png 1024w, https:\/\/edmohub.ie\/wp-content\/uploads\/2025\/10\/BES-Tip-6.2-1-300x169.png 300w, https:\/\/edmohub.ie\/wp-content\/uploads\/2025\/10\/BES-Tip-6.2-1-768x432.png 768w, https:\/\/edmohub.ie\/wp-content\/uploads\/2025\/10\/BES-Tip-6.2-1-1536x864.png 1536w, https:\/\/edmohub.ie\/wp-content\/uploads\/2025\/10\/BES-Tip-6.2-1.png 1920w\" sizes=\"auto, (max-width: 1024px) 100vw, 1024px\" \/><\/figure>\n\n\n\n<p class=\"has-medium-font-size\">Is minic a scaiptear br\u00e9ag\u00e1isn\u00e9is faoin bpr\u00f3iseas toghch\u00e1in roimh na toghch\u00e1in agus ina ndiaidh. An aidhm at\u00e1 leis seo n\u00e1 t\u00e1bhacht agus dlisteanacht na dtoghch\u00e1n a mhilleadh le r\u00e1fla\u00ed gan bhun\u00fas faoi chalaois toghch\u00e1in, tionchair eachtrannacha agus cleachtais mh\u00edchothroma. Faigh eolas iontaofa \u00f3 fhoins\u00ed oifigi\u00fala faoi chonas, cathain agus c\u00e9n \u00e1it ar ch\u00f3ir v\u00f3tail sna toghch\u00e1in. Breathanigh ar l\u00e1ithre\u00e1n gr\u00e9as\u00e1in an <a href=\"https:\/\/www.electoralcommission.ie\/ga\/\">An Coimisi\u00fan Toghch\u00e1in<\/a>.<\/p>\n","protected":false},"excerpt":{"rendered":"<p>The Be Election Smart campaign, developed by EDMO for the European elections, was promoted across all EU countries. With support from Media Literacy Ireland, EDMO Ireland adapted the campaign for local and national elections, sharing practical tips for navigating election news, commentary, and advertising. Tip #1 Read beyond the headline Reading beyond the headline is &#8230; <a href=\"https:\/\/edmohub.ie\/index.php\/be-election-smart\/\" class=\"more-link\">Read More<span class=\"screen-reader-text\"> &#8220;Be Election Smart&#8221;<\/span> &raquo;<\/a><\/p>\n","protected":false},"author":4,"featured_media":0,"parent":0,"menu_order":0,"comment_status":"closed","ping_status":"closed","template":"","meta":{"_acf_changed":false,"_eb_attr":"","_monsterinsights_skip_tracking":false,"_monsterinsights_sitenote_active":false,"_monsterinsights_sitenote_note":"","_monsterinsights_sitenote_category":0,"twitterCardType":"","cardImageID":0,"cardImage":"","cardTitle":"","cardDesc":"","cardImageAlt":"","cardPlayer":"","cardPlayerWidth":0,"cardPlayerHeight":0,"cardPlayerStream":"","cardPlayerCodec":"","footnotes":""},"class_list":["post-599","page","type-page","status-publish","hentry"],"acf":[],"jetpack_sharing_enabled":true,"_links":{"self":[{"href":"https:\/\/edmohub.ie\/index.php\/wp-json\/wp\/v2\/pages\/599","targetHints":{"allow":["GET"]}}],"collection":[{"href":"https:\/\/edmohub.ie\/index.php\/wp-json\/wp\/v2\/pages"}],"about":[{"href":"https:\/\/edmohub.ie\/index.php\/wp-json\/wp\/v2\/types\/page"}],"author":[{"embeddable":true,"href":"https:\/\/edmohub.ie\/index.php\/wp-json\/wp\/v2\/users\/4"}],"replies":[{"embeddable":true,"href":"https:\/\/edmohub.ie\/index.php\/wp-json\/wp\/v2\/comments?post=599"}],"version-history":[{"count":69,"href":"https:\/\/edmohub.ie\/index.php\/wp-json\/wp\/v2\/pages\/599\/revisions"}],"predecessor-version":[{"id":1419,"href":"https:\/\/edmohub.ie\/index.php\/wp-json\/wp\/v2\/pages\/599\/revisions\/1419"}],"wp:attachment":[{"href":"https:\/\/edmohub.ie\/index.php\/wp-json\/wp\/v2\/media?parent=599"}],"curies":[{"name":"wp","href":"https:\/\/api.w.org\/{rel}","templated":true}]}}